{"id":422,"date":"2024-12-18T08:05:34","date_gmt":"2024-12-18T01:05:34","guid":{"rendered":"https:\/\/tinhocnhuy.net\/?page_id=422"},"modified":"2025-03-27T13:29:53","modified_gmt":"2025-03-27T06:29:53","slug":"lien-he","status":"publish","type":"page","link":"https:\/\/tinhocnhuy.net\/?page_id=422","title":{"rendered":"Li\u00ean h\u1ec7"},"content":{"rendered":"\t<section class=\"section div-no-padding\" id=\"section_264032864\">\n\t\t<div class=\"bg section-bg fill bg-fill  bg-loaded\" >\n\n\t\t\t\n\t\t\t\n\t\t\t\n\n\t\t<\/div>\n\n\t\t\n\n\t\t<div class=\"section-content relative\">\n\t\t\t\n<div class=\"row\"  id=\"row-886218569\">\n\n\t<div id=\"col-829663910\" class=\"col small-12 large-12\"  >\n\t\t\t\t<div class=\"col-inner\"  >\n\t\t\t\n\t\t\t\n\t<div id=\"text-812632283\" class=\"text div-no-padding\">\n\t\t\n<h1 class=\"uppercase\"><strong>Li\u00ean h\u1ec7<\/strong><\/h1>\n\t\t\n<style>\n#text-812632283 {\n  text-align: left;\n  color: rgba(0, 95, 166, 0.913);\n}\n#text-812632283 > * {\n  color: rgba(0, 95, 166, 0.913);\n}\n<\/style>\n\t<\/div>\n\t\n<div class=\"is-divider divider clearfix\" style=\"margin-top:0.1em;margin-bottom:0.1em;max-width:100%;background-color:rgb(255, 116, 0);\"><\/div>\n\t\t<\/div>\n\t\t\t\t\t<\/div>\n\n\t\n<\/div>\n\t\t<\/div>\n\n\t\t\n<style>\n#section_264032864 {\n  padding-top: 0px;\n  padding-bottom: 0px;\n}\n<\/style>\n\t<\/section>\n\t\n\t<section class=\"section\" id=\"section_2137139724\">\n\t\t<div class=\"bg section-bg fill bg-fill  bg-loaded\" >\n\n\t\t\t\n\t\t\t\n\t\t\t\n\n\t\t<\/div>\n\n\t\t\n\n\t\t<div class=\"section-content relative\">\n\t\t\t\n<div class=\"row\"  id=\"row-377178692\">\n\n\t<div id=\"col-577646541\" class=\"col medium-6 small-12 large-6\"  >\n\t\t\t\t<div class=\"col-inner\"  >\n\t\t\t\n\t\t\t\n\t<div class=\"ux-menu stack stack-col justify-start contact-block\">\n\t\t\n\t<div class=\"ux-menu-link flex menu-item\">\n\t\t<a class=\"ux-menu-link__link flex\" href=\"https:\/\/maps.app.goo.gl\/acu9gmiXBbEf23o9A\" target=\"_blank\" rel=\"noopener\">\n\t\t\t<i class=\"ux-menu-link__icon text-center icon-map-pin-fill\" ><\/i>\t\t\t<span class=\"ux-menu-link__text\">\n\t\t\t\tS\u1ed1 16 E4, \u0111\u01b0\u1eddng s\u1ed1 5, KDC Tr\u00e0ng An, ph\u01b0\u1eddng 7, TP B\u1ea1c Li\u00eau, T.B\u1ea1c Li\u00eau\t\t\t<\/span>\n\t\t<\/a>\n\t<\/div>\n\t\n\t<div class=\"ux-menu-link flex menu-item\">\n\t\t<a class=\"ux-menu-link__link flex\" href=\"tel:0941900369\" >\n\t\t\t<i class=\"ux-menu-link__icon text-center icon-phone\" ><\/i>\t\t\t<span class=\"ux-menu-link__text\">\n\t\t\t\t0941 900 369\t\t\t<\/span>\n\t\t<\/a>\n\t<\/div>\n\t\n\t<div class=\"ux-menu-link flex menu-item\">\n\t\t<a class=\"ux-menu-link__link flex\" href=\"mailto:duhocnhanvanbaclieu@gmail.com\" >\n\t\t\t<i class=\"ux-menu-link__icon text-center icon-envelop\" ><\/i>\t\t\t<span class=\"ux-menu-link__text\">\n\t\t\t\tduhocnhanvanbaclieu@gmail.com\t\t\t<\/span>\n\t\t<\/a>\n\t<\/div>\n\t\n\t<\/div>\n\t\n\n<p><iframe style=\"border: 0; width: 100%;\" src=\"https:\/\/www.google.com\/maps\/embed?pb=!1m18!1m12!1m3!1d843.8136863813182!2d105.71409734963382!3d9.303793809166283!2m3!1f0!2f0!3f0!3m2!1i1024!2i768!4f13.1!3m3!1m2!1s0x31a10975bf94d985%3A0xea8a73129af5f6ad!2zQ8O0bmcgdHkgVE5ISCBUTSZEViBUaW4gSOG7jWMgTmjGsCDDnQ!5e0!3m2!1sen!2s!4v1741571606006!5m2!1sen!2s\" height=\"200\" allowfullscreen=\"allowfullscreen\" data-mce-fragment=\"1\"><\/iframe><br \/>\n\n\t\t<\/div>\n\t\t\t\t\t<\/div>\n\n\t\n\n\t<div id=\"col-1764840426\" class=\"col form-lien-he medium-6 small-12 large-6\"  >\n\t\t\t\t<div class=\"col-inner\"  >\n\t\t\t\n\t\t\t\n\n<div class=\"wpcf7 no-js\" id=\"wpcf7-f8-o1\" lang=\"vi\" dir=\"ltr\" data-wpcf7-id=\"8\">\n<div class=\"screen-reader-response\"><p role=\"status\" aria-live=\"polite\" aria-atomic=\"true\"><\/p> <ul><\/ul><\/div>\n<form action=\"\/index.php?rest_route=%2Fwp%2Fv2%2Fpages%2F422#wpcf7-f8-o1\" method=\"post\" class=\"wpcf7-form init\" aria-label=\"Form li\u00ean h\u1ec7\" novalidate=\"novalidate\" data-status=\"init\">\n<div style=\"display: none;\">\n<input type=\"hidden\" name=\"_wpcf7\" value=\"8\" \/>\n<input type=\"hidden\" name=\"_wpcf7_version\" value=\"6.0.6\" \/>\n<input type=\"hidden\" name=\"_wpcf7_locale\" value=\"vi\" \/>\n<input type=\"hidden\" name=\"_wpcf7_unit_tag\" value=\"wpcf7-f8-o1\" \/>\n<input type=\"hidden\" name=\"_wpcf7_container_post\" value=\"0\" \/>\n<input type=\"hidden\" name=\"_wpcf7_posted_data_hash\" value=\"\" \/>\n<input type=\"hidden\" name=\"_wpcf7_recaptcha_response\" value=\"\" \/>\n<\/div>\n<p><span class=\"wpcf7-form-control-wrap\" data-name=\"your-name\"><input size=\"40\" maxlength=\"400\" class=\"wpcf7-form-control wpcf7-text wpcf7-validates-as-required\" aria-required=\"true\" aria-invalid=\"false\" placeholder=\"H\u1ecd t\u00ean...\" value=\"\" type=\"text\" name=\"your-name\" \/><\/span>\n<\/p>\n<p><span class=\"wpcf7-form-control-wrap\" data-name=\"your-phone\"><input size=\"40\" maxlength=\"400\" class=\"wpcf7-form-control wpcf7-tel wpcf7-validates-as-required wpcf7-text wpcf7-validates-as-tel\" aria-required=\"true\" aria-invalid=\"false\" placeholder=\"S\u1ed1 \u0111i\u1ec7n tho\u1ea1i...\" value=\"\" type=\"tel\" name=\"your-phone\" \/><\/span>\n<\/p>\n<p><span class=\"wpcf7-form-control-wrap\" data-name=\"your-email\"><input size=\"40\" maxlength=\"400\" class=\"wpcf7-form-control wpcf7-email wpcf7-validates-as-required wpcf7-text wpcf7-validates-as-email\" aria-required=\"true\" aria-invalid=\"false\" placeholder=\"Email...\" value=\"\" type=\"email\" name=\"your-email\" \/><\/span>\n<\/p>\n<p><span class=\"wpcf7-form-control-wrap\" data-name=\"your-message\"><textarea cols=\"40\" rows=\"10\" maxlength=\"2000\" class=\"wpcf7-form-control wpcf7-textarea\" aria-invalid=\"false\" placeholder=\"Y\u00eau c\u1ea7u t\u01b0 v\u1ea5n...\" name=\"your-message\"><\/textarea><\/span>\n<\/p>\n<span class=\"wpcf7-form-control-wrap recaptcha\" data-name=\"recaptcha\"><span data-sitekey=\"6Lc3SxkrAAAAAJKeaCt0JQhiFAu8hszr0iYhl27E\" class=\"wpcf7-form-control wpcf7-recaptcha g-recaptcha\"><\/span>\r\n<noscript>\r\n\t<div class=\"grecaptcha-noscript\">\r\n\t\t<iframe loading=\"lazy\" src=\"https:\/\/www.google.com\/recaptcha\/api\/fallback?k=6Lc3SxkrAAAAAJKeaCt0JQhiFAu8hszr0iYhl27E\" frameborder=\"0\" scrolling=\"no\" width=\"310\" height=\"430\">\r\n\t\t<\/iframe>\r\n\t\t<textarea name=\"g-recaptcha-response\" rows=\"3\" cols=\"40\" placeholder=\"reCaptcha Response Here\">\r\n\t\t<\/textarea>\r\n\t<\/div>\r\n<\/noscript>\r\n<\/span>\n<p><input class=\"wpcf7-form-control wpcf7-submit has-spinner\" type=\"submit\" value=\"G\u1eedi \u0111i\" \/>\n<\/p><p style=\"display: none !important;\" class=\"akismet-fields-container\" data-prefix=\"_wpcf7_ak_\"><label>&#916;<textarea name=\"_wpcf7_ak_hp_textarea\" cols=\"45\" rows=\"8\" maxlength=\"100\"><\/textarea><\/label><input type=\"hidden\" id=\"ak_js_1\" name=\"_wpcf7_ak_js\" value=\"244\"\/><script>document.getElementById( \"ak_js_1\" ).setAttribute( \"value\", ( new Date() ).getTime() );<\/script><\/p><div class=\"wpcf7-response-output\" aria-hidden=\"true\"><\/div>\n<\/form>\n<\/div>\n\n\t\t<\/div>\n\t\t\t\t\t<\/div>\n\n\t\n<\/div>\n\t\t<\/div>\n\n\t\t\n<style>\n#section_2137139724 {\n  padding-top: 30px;\n  padding-bottom: 30px;\n  background-color: rgb(255, 255, 255);\n}\n<\/style>\n\t<\/section>\n\t\n","protected":false},"excerpt":{"rendered":"","protected":false},"author":1,"featured_media":1200,"parent":0,"menu_order":0,"comment_status":"closed","ping_status":"closed","template":"","meta":{"footnotes":""},"class_list":["post-422","page","type-page","status-publish","has-post-thumbnail","hentry"],"yoast_head":"<!-- This site is optimized with the Yoast SEO Premium plugin v22.6 (Yoast SEO v24.9) - https:\/\/yoast.com\/wordpress\/plugins\/seo\/ -->\n<title>Li\u00ean h\u1ec7 - Trung T\u00e2m Du H\u1ecdc H\u00e0n Qu\u1ed1c Nh\u00e2n V\u0103n - V\u0103n ph\u00f2ng B\u1ea1c Li\u00eau<\/title>\n<meta name=\"description\" content=\"Li\u00ean h\u1ec7 ngay v\u1edbi Nh\u00e2n V\u0103n \u0111\u1ec3 \u0111\u01b0\u1ee3c t\u01b0 v\u1ea5n Ch\u01b0\u01a1ng tr\u00ecnh Du h\u1ecdc H\u00e0n Qu\u1ed1c mi\u1ec5n ph\u00ed. Li\u00ean h\u1ec7 qua s\u1ed1 Hotline, email, page ho\u1eb7c \u0111\u1ec3 l\u1ea1i th\u00f4ng tin\" \/>\n<meta name=\"robots\" content=\"index, follow, max-snippet:-1, max-image-preview:large, max-video-preview:-1\" \/>\n<link rel=\"canonical\" href=\"https:\/\/tinhocnhuy.net\/?page_id=422\" \/>\n<meta property=\"og:locale\" content=\"vi_VN\" \/>\n<meta property=\"og:type\" content=\"article\" \/>\n<meta property=\"og:title\" content=\"Li\u00ean h\u1ec7\" \/>\n<meta property=\"og:description\" content=\"Li\u00ean h\u1ec7 ngay v\u1edbi Nh\u00e2n V\u0103n \u0111\u1ec3 \u0111\u01b0\u1ee3c t\u01b0 v\u1ea5n Ch\u01b0\u01a1ng tr\u00ecnh Du h\u1ecdc H\u00e0n Qu\u1ed1c mi\u1ec5n ph\u00ed. Li\u00ean h\u1ec7 qua s\u1ed1 Hotline, email, page ho\u1eb7c \u0111\u1ec3 l\u1ea1i th\u00f4ng tin\" \/>\n<meta property=\"og:url\" content=\"https:\/\/tinhocnhuy.net\/?page_id=422\" \/>\n<meta property=\"og:site_name\" content=\"Trung T\u00e2m Du H\u1ecdc H\u00e0n Qu\u1ed1c Nh\u00e2n V\u0103n - V\u0103n ph\u00f2ng B\u1ea1c Li\u00eau\" \/>\n<meta property=\"article:modified_time\" content=\"2025-03-27T06:29:53+00:00\" \/>\n<meta property=\"og:image\" content=\"https:\/\/tinhocnhuy.net\/wp-content\/uploads\/2025\/03\/20c98cd85ac6eb98b2d7-e1741417679615.jpg\" \/>\n\t<meta property=\"og:image:width\" content=\"1276\" \/>\n\t<meta property=\"og:image:height\" content=\"825\" \/>\n\t<meta property=\"og:image:type\" content=\"image\/jpeg\" \/>\n<meta name=\"twitter:card\" content=\"summary_large_image\" \/>\n<meta name=\"twitter:label1\" content=\"\u01af\u1edbc t\u00ednh th\u1eddi gian \u0111\u1ecdc\" \/>\n\t<meta name=\"twitter:data1\" content=\"1 ph\u00fat\" \/>\n<script type=\"application\/ld+json\" class=\"yoast-schema-graph\">{\"@context\":\"https:\/\/schema.org\",\"@graph\":[{\"@type\":\"WebPage\",\"@id\":\"https:\/\/tinhocnhuy.net\/?page_id=422\",\"url\":\"https:\/\/tinhocnhuy.net\/?page_id=422\",\"name\":\"Li\u00ean h\u1ec7 - Trung T\u00e2m Du H\u1ecdc H\u00e0n Qu\u1ed1c Nh\u00e2n V\u0103n - V\u0103n ph\u00f2ng B\u1ea1c Li\u00eau\",\"isPartOf\":{\"@id\":\"https:\/\/tinhocnhuy.net\/#website\"},\"primaryImageOfPage\":{\"@id\":\"https:\/\/tinhocnhuy.net\/?page_id=422#primaryimage\"},\"image\":{\"@id\":\"https:\/\/tinhocnhuy.net\/?page_id=422#primaryimage\"},\"thumbnailUrl\":\"https:\/\/tinhocnhuy.net\/wp-content\/uploads\/2025\/03\/20c98cd85ac6eb98b2d7-e1741417679615.jpg\",\"datePublished\":\"2024-12-18T01:05:34+00:00\",\"dateModified\":\"2025-03-27T06:29:53+00:00\",\"description\":\"Li\u00ean h\u1ec7 ngay v\u1edbi Nh\u00e2n V\u0103n \u0111\u1ec3 \u0111\u01b0\u1ee3c t\u01b0 v\u1ea5n Ch\u01b0\u01a1ng tr\u00ecnh Du h\u1ecdc H\u00e0n Qu\u1ed1c mi\u1ec5n ph\u00ed. Li\u00ean h\u1ec7 qua s\u1ed1 Hotline, email, page ho\u1eb7c \u0111\u1ec3 l\u1ea1i th\u00f4ng tin\",\"breadcrumb\":{\"@id\":\"https:\/\/tinhocnhuy.net\/?page_id=422#breadcrumb\"},\"inLanguage\":\"vi\",\"potentialAction\":[{\"@type\":\"ReadAction\",\"target\":[\"https:\/\/tinhocnhuy.net\/?page_id=422\"]}]},{\"@type\":\"ImageObject\",\"inLanguage\":\"vi\",\"@id\":\"https:\/\/tinhocnhuy.net\/?page_id=422#primaryimage\",\"url\":\"https:\/\/tinhocnhuy.net\/wp-content\/uploads\/2025\/03\/20c98cd85ac6eb98b2d7-e1741417679615.jpg\",\"contentUrl\":\"https:\/\/tinhocnhuy.net\/wp-content\/uploads\/2025\/03\/20c98cd85ac6eb98b2d7-e1741417679615.jpg\",\"width\":1276,\"height\":825},{\"@type\":\"BreadcrumbList\",\"@id\":\"https:\/\/tinhocnhuy.net\/?page_id=422#breadcrumb\",\"itemListElement\":[{\"@type\":\"ListItem\",\"position\":1,\"name\":\"Home\",\"item\":\"https:\/\/tinhocnhuy.net\/\"},{\"@type\":\"ListItem\",\"position\":2,\"name\":\"Li\u00ean h\u1ec7\"}]},{\"@type\":\"WebSite\",\"@id\":\"https:\/\/tinhocnhuy.net\/#website\",\"url\":\"https:\/\/tinhocnhuy.net\/\",\"name\":\"Trung T\u00e2m Du H\u1ecdc H\u00e0n Qu\u1ed1c Uy T\u00edn TPHCM - Nh\u00e2n V\u0103n\",\"description\":\"\",\"publisher\":{\"@id\":\"https:\/\/tinhocnhuy.net\/#organization\"},\"potentialAction\":[{\"@type\":\"SearchAction\",\"target\":{\"@type\":\"EntryPoint\",\"urlTemplate\":\"https:\/\/tinhocnhuy.net\/?s={search_term_string}\"},\"query-input\":{\"@type\":\"PropertyValueSpecification\",\"valueRequired\":true,\"valueName\":\"search_term_string\"}}],\"inLanguage\":\"vi\"},{\"@type\":\"Organization\",\"@id\":\"https:\/\/tinhocnhuy.net\/#organization\",\"name\":\"Trung T\u00e2m Du H\u1ecdc H\u00e0n Qu\u1ed1c Uy T\u00edn TPHCM - Nh\u00e2n V\u0103n\",\"url\":\"https:\/\/tinhocnhuy.net\/\",\"logo\":{\"@type\":\"ImageObject\",\"inLanguage\":\"vi\",\"@id\":\"https:\/\/tinhocnhuy.net\/#\/schema\/logo\/image\/\",\"url\":\"https:\/\/tinhocnhuy.net\/wp-content\/uploads\/2025\/01\/Mau-qua-dao-va-Nau-Hoa-Ghi-chu-Thiep-2.webp\",\"contentUrl\":\"https:\/\/tinhocnhuy.net\/wp-content\/uploads\/2025\/01\/Mau-qua-dao-va-Nau-Hoa-Ghi-chu-Thiep-2.webp\",\"width\":1600,\"height\":1135,\"caption\":\"Trung T\u00e2m Du H\u1ecdc H\u00e0n Qu\u1ed1c Uy T\u00edn TPHCM - Nh\u00e2n V\u0103n\"},\"image\":{\"@id\":\"https:\/\/tinhocnhuy.net\/#\/schema\/logo\/image\/\"}}]}<\/script>\n<!-- \/ Yoast SEO Premium plugin. -->","yoast_head_json":{"title":"Li\u00ean h\u1ec7 - Trung T\u00e2m Du H\u1ecdc H\u00e0n Qu\u1ed1c Nh\u00e2n V\u0103n - V\u0103n ph\u00f2ng B\u1ea1c Li\u00eau","description":"Li\u00ean h\u1ec7 ngay v\u1edbi Nh\u00e2n V\u0103n \u0111\u1ec3 \u0111\u01b0\u1ee3c t\u01b0 v\u1ea5n Ch\u01b0\u01a1ng tr\u00ecnh Du h\u1ecdc H\u00e0n Qu\u1ed1c mi\u1ec5n ph\u00ed. Li\u00ean h\u1ec7 qua s\u1ed1 Hotline, email, page ho\u1eb7c \u0111\u1ec3 l\u1ea1i th\u00f4ng tin","robots":{"index":"index","follow":"follow","max-snippet":"max-snippet:-1","max-image-preview":"max-image-preview:large","max-video-preview":"max-video-preview:-1"},"canonical":"https:\/\/tinhocnhuy.net\/?page_id=422","og_locale":"vi_VN","og_type":"article","og_title":"Li\u00ean h\u1ec7","og_description":"Li\u00ean h\u1ec7 ngay v\u1edbi Nh\u00e2n V\u0103n \u0111\u1ec3 \u0111\u01b0\u1ee3c t\u01b0 v\u1ea5n Ch\u01b0\u01a1ng tr\u00ecnh Du h\u1ecdc H\u00e0n Qu\u1ed1c mi\u1ec5n ph\u00ed. Li\u00ean h\u1ec7 qua s\u1ed1 Hotline, email, page ho\u1eb7c \u0111\u1ec3 l\u1ea1i th\u00f4ng tin","og_url":"https:\/\/tinhocnhuy.net\/?page_id=422","og_site_name":"Trung T\u00e2m Du H\u1ecdc H\u00e0n Qu\u1ed1c Nh\u00e2n V\u0103n - V\u0103n ph\u00f2ng B\u1ea1c Li\u00eau","article_modified_time":"2025-03-27T06:29:53+00:00","og_image":[{"width":1276,"height":825,"url":"https:\/\/tinhocnhuy.net\/wp-content\/uploads\/2025\/03\/20c98cd85ac6eb98b2d7-e1741417679615.jpg","type":"image\/jpeg"}],"twitter_card":"summary_large_image","twitter_misc":{"\u01af\u1edbc t\u00ednh th\u1eddi gian \u0111\u1ecdc":"1 ph\u00fat"},"schema":{"@context":"https:\/\/schema.org","@graph":[{"@type":"WebPage","@id":"https:\/\/tinhocnhuy.net\/?page_id=422","url":"https:\/\/tinhocnhuy.net\/?page_id=422","name":"Li\u00ean h\u1ec7 - Trung T\u00e2m Du H\u1ecdc H\u00e0n Qu\u1ed1c Nh\u00e2n V\u0103n - V\u0103n ph\u00f2ng B\u1ea1c Li\u00eau","isPartOf":{"@id":"https:\/\/tinhocnhuy.net\/#website"},"primaryImageOfPage":{"@id":"https:\/\/tinhocnhuy.net\/?page_id=422#primaryimage"},"image":{"@id":"https:\/\/tinhocnhuy.net\/?page_id=422#primaryimage"},"thumbnailUrl":"https:\/\/tinhocnhuy.net\/wp-content\/uploads\/2025\/03\/20c98cd85ac6eb98b2d7-e1741417679615.jpg","datePublished":"2024-12-18T01:05:34+00:00","dateModified":"2025-03-27T06:29:53+00:00","description":"Li\u00ean h\u1ec7 ngay v\u1edbi Nh\u00e2n V\u0103n \u0111\u1ec3 \u0111\u01b0\u1ee3c t\u01b0 v\u1ea5n Ch\u01b0\u01a1ng tr\u00ecnh Du h\u1ecdc H\u00e0n Qu\u1ed1c mi\u1ec5n ph\u00ed. Li\u00ean h\u1ec7 qua s\u1ed1 Hotline, email, page ho\u1eb7c \u0111\u1ec3 l\u1ea1i th\u00f4ng tin","breadcrumb":{"@id":"https:\/\/tinhocnhuy.net\/?page_id=422#breadcrumb"},"inLanguage":"vi","potentialAction":[{"@type":"ReadAction","target":["https:\/\/tinhocnhuy.net\/?page_id=422"]}]},{"@type":"ImageObject","inLanguage":"vi","@id":"https:\/\/tinhocnhuy.net\/?page_id=422#primaryimage","url":"https:\/\/tinhocnhuy.net\/wp-content\/uploads\/2025\/03\/20c98cd85ac6eb98b2d7-e1741417679615.jpg","contentUrl":"https:\/\/tinhocnhuy.net\/wp-content\/uploads\/2025\/03\/20c98cd85ac6eb98b2d7-e1741417679615.jpg","width":1276,"height":825},{"@type":"BreadcrumbList","@id":"https:\/\/tinhocnhuy.net\/?page_id=422#breadcrumb","itemListElement":[{"@type":"ListItem","position":1,"name":"Home","item":"https:\/\/tinhocnhuy.net\/"},{"@type":"ListItem","position":2,"name":"Li\u00ean h\u1ec7"}]},{"@type":"WebSite","@id":"https:\/\/tinhocnhuy.net\/#website","url":"https:\/\/tinhocnhuy.net\/","name":"Trung T\u00e2m Du H\u1ecdc H\u00e0n Qu\u1ed1c Uy T\u00edn TPHCM - Nh\u00e2n V\u0103n","description":"","publisher":{"@id":"https:\/\/tinhocnhuy.net\/#organization"},"potentialAction":[{"@type":"SearchAction","target":{"@type":"EntryPoint","urlTemplate":"https:\/\/tinhocnhuy.net\/?s={search_term_string}"},"query-input":{"@type":"PropertyValueSpecification","valueRequired":true,"valueName":"search_term_string"}}],"inLanguage":"vi"},{"@type":"Organization","@id":"https:\/\/tinhocnhuy.net\/#organization","name":"Trung T\u00e2m Du H\u1ecdc H\u00e0n Qu\u1ed1c Uy T\u00edn TPHCM - Nh\u00e2n V\u0103n","url":"https:\/\/tinhocnhuy.net\/","logo":{"@type":"ImageObject","inLanguage":"vi","@id":"https:\/\/tinhocnhuy.net\/#\/schema\/logo\/image\/","url":"https:\/\/tinhocnhuy.net\/wp-content\/uploads\/2025\/01\/Mau-qua-dao-va-Nau-Hoa-Ghi-chu-Thiep-2.webp","contentUrl":"https:\/\/tinhocnhuy.net\/wp-content\/uploads\/2025\/01\/Mau-qua-dao-va-Nau-Hoa-Ghi-chu-Thiep-2.webp","width":1600,"height":1135,"caption":"Trung T\u00e2m Du H\u1ecdc H\u00e0n Qu\u1ed1c Uy T\u00edn TPHCM - Nh\u00e2n V\u0103n"},"image":{"@id":"https:\/\/tinhocnhuy.net\/#\/schema\/logo\/image\/"}}]}},"_links":{"self":[{"href":"https:\/\/tinhocnhuy.net\/index.php?rest_route=\/wp\/v2\/pages\/422","targetHints":{"allow":["GET"]}}],"collection":[{"href":"https:\/\/tinhocnhuy.net\/index.php?rest_route=\/wp\/v2\/pages"}],"about":[{"href":"https:\/\/tinhocnhuy.net\/index.php?rest_route=\/wp\/v2\/types\/page"}],"author":[{"embeddable":true,"href":"https:\/\/tinhocnhuy.net\/index.php?rest_route=\/wp\/v2\/users\/1"}],"replies":[{"embeddable":true,"href":"https:\/\/tinhocnhuy.net\/index.php?rest_route=%2Fwp%2Fv2%2Fcomments&post=422"}],"version-history":[{"count":21,"href":"https:\/\/tinhocnhuy.net\/index.php?rest_route=\/wp\/v2\/pages\/422\/revisions"}],"predecessor-version":[{"id":1568,"href":"https:\/\/tinhocnhuy.net\/index.php?rest_route=\/wp\/v2\/pages\/422\/revisions\/1568"}],"wp:featuredmedia":[{"embeddable":true,"href":"https:\/\/tinhocnhuy.net\/index.php?rest_route=\/wp\/v2\/media\/1200"}],"wp:attachment":[{"href":"https:\/\/tinhocnhuy.net\/index.php?rest_route=%2Fwp%2Fv2%2Fmedia&parent=422"}],"curies":[{"name":"wp","href":"https:\/\/api.w.org\/{rel}","templated":true}]}}